{"id":49,"date":"2022-11-09T01:26:13","date_gmt":"2022-11-09T01:26:13","guid":{"rendered":"http:\/\/saojoaodelrei.tur.br\/?page_id=49"},"modified":"2026-01-02T19:04:27","modified_gmt":"2026-01-02T22:04:27","slug":"igrejas-de-sao-joao-del-rei","status":"publish","type":"page","link":"https:\/\/www.saojoaodelrei.tur.br\/index.php\/igrejas-de-sao-joao-del-rei\/","title":{"rendered":"Igrejas"},"content":{"rendered":"\n<h2 class=\"wp-block-heading\">Igrejas de S\u00e3o Jo\u00e3o del-Rei: Hist\u00f3ria, Datas e Import\u00e2ncia Cultural<\/h2>\n\n\n\n<h2 class=\"wp-block-heading\">Igrejas de S\u00e3o Jo\u00e3o del-Rei \u2013 Funda\u00e7\u00e3o \/ In\u00edcio da Constru\u00e7\u00e3o<\/h2>\n\n\n\n<p><\/p>\n\n\n\n<p>A import\u00e2ncia das igrejas na hist\u00f3ria de S\u00e3o Jo\u00e3o del-Rei<br>Lista completa das igrejas de S\u00e3o Jo\u00e3o del-Rei<br>Turismo religioso em S\u00e3o Jo\u00e3o del-Rei<br>Roteiro sugerido para visitar as igrejas<\/p>\n\n\n\n<p><\/p>\n\n\n\n<h3 class=\"wp-block-heading\"><a href=\"https:\/\/www.saojoaodelrei.tur.br\/index.php\/catedral-basilica-nossa-senhora-do-pilar\/\" target=\"_blank\" rel=\"noreferrer noopener\">1. <strong>Catedral Bas\u00edlica de Nossa Senhora do Pilar<\/strong><\/a><\/h3>\n\n\n\n<p>\ud83d\udcc5 <strong>Funda\u00e7\u00e3o:<\/strong> 1721<br>\u27a1\ufe0f Uma das mais antigas da cidade; elevada a Catedral Bas\u00edlica em 1967.<\/p>\n\n\n\n<hr class=\"wp-block-separator has-alpha-channel-opacity\"\/>\n\n\n\n<h3 class=\"wp-block-heading\"><a href=\"https:\/\/www.saojoaodelrei.tur.br\/index.php\/tag\/igreja-sao-francisco\/\" target=\"_blank\" rel=\"noreferrer noopener\">2. <strong>Igreja de S\u00e3o Francisco de Assis<\/strong><\/a><\/h3>\n\n\n\n<p>\ud83d\udcc5 <strong>In\u00edcio da constru\u00e7\u00e3o:<\/strong> 1774<br>\u27a1\ufe0f Projeto atribu\u00eddo a Aleijadinho; uma das joias do barroco mineiro.<\/p>\n\n\n\n<hr class=\"wp-block-separator has-alpha-channel-opacity\"\/>\n\n\n\n<h3 class=\"wp-block-heading\"><a href=\"https:\/\/www.saojoaodelrei.tur.br\/index.php\/igreja-de-nossa-senhora-do-carmo-sao-joao-del-rei\/\" target=\"_blank\" rel=\"noreferrer noopener\">3. <strong>Igreja de Nossa Senhora do Carmo<\/strong><\/a><\/h3>\n\n\n\n<p>\ud83d\udcc5 <strong>In\u00edcio da constru\u00e7\u00e3o:<\/strong> 1733<br>\u27a1\ufe0f Ligada \u00e0 Ordem Terceira do Carmo.<\/p>\n\n\n\n<hr class=\"wp-block-separator has-alpha-channel-opacity\"\/>\n\n\n\n<h3 class=\"wp-block-heading\">4. <strong>Igreja de Nossa Senhora do Ros\u00e1rio<\/strong><\/h3>\n\n\n\n<p>\ud83d\udcc5 <strong>Funda\u00e7\u00e3o:<\/strong> c. 1719<br>\u27a1\ufe0f Tradicionalmente associada \u00e0s irmandades de negros.<\/p>\n\n\n\n<hr class=\"wp-block-separator has-alpha-channel-opacity\"\/>\n\n\n\n<h3 class=\"wp-block-heading\"><a href=\"https:\/\/www.saojoaodelrei.tur.br\/index.php\/igreja-nossa-senhora-das-merces\/\" target=\"_blank\" rel=\"noreferrer noopener\">5. <strong>Igreja de Nossa Senhora das Merc\u00eas<\/strong><\/a><\/h3>\n\n\n\n<p>\ud83d\udcc5 <strong>Funda\u00e7\u00e3o:<\/strong> 1751<br>\u27a1\ufe0f Constru\u00edda pela Irmandade de Nossa Senhora das Merc\u00eas dos Pretos Crioulos.<\/p>\n\n\n\n<hr class=\"wp-block-separator has-alpha-channel-opacity\"\/>\n\n\n\n<h3 class=\"wp-block-heading\">6. <strong>Igreja de Nossa Senhora do Bom Despacho<\/strong><\/h3>\n\n\n\n<p>\ud83d\udcc5 <strong>Funda\u00e7\u00e3o:<\/strong> 1710<br>\u27a1\ufe0f Uma das primeiras capelas do arraial.<\/p>\n\n\n\n<hr class=\"wp-block-separator has-alpha-channel-opacity\"\/>\n\n\n\n<h3 class=\"wp-block-heading\">7. <strong>Igreja de Nossa Senhora do Carmo do Morro<\/strong><\/h3>\n\n\n\n<p>\ud83d\udcc5 <strong>Funda\u00e7\u00e3o:<\/strong> s\u00e9culo XVIII (c. 1750)<br>\u27a1\ufe0f Variante hist\u00f3rica ligada \u00e0 expans\u00e3o urbana.<\/p>\n\n\n\n<hr class=\"wp-block-separator has-alpha-channel-opacity\"\/>\n\n\n\n<h3 class=\"wp-block-heading\">8. <strong>Capela de Nosso Senhor do Bonfim<\/strong><\/h3>\n\n\n\n<p>\ud83d\udcc5 <strong>Funda\u00e7\u00e3o:<\/strong> 1769<br>\u27a1\ufe0f Localizada em \u00e1rea elevada, com vista da cidade.<\/p>\n\n\n\n<hr class=\"wp-block-separator has-alpha-channel-opacity\"\/>\n\n\n\n<h3 class=\"wp-block-heading\">9. <strong>Capela de Santo Ant\u00f4nio<\/strong><\/h3>\n\n\n\n<p>\ud83d\udcc5 <strong>Funda\u00e7\u00e3o:<\/strong> in\u00edcio do s\u00e9culo XVIII (c. 1715)<\/p>\n\n\n\n<hr class=\"wp-block-separator has-alpha-channel-opacity\"\/>\n\n\n\n<h3 class=\"wp-block-heading\">10. <strong>Capela de Nossa Senhora das Dores<\/strong><\/h3>\n\n\n\n<p>\ud83d\udcc5 <strong>Funda\u00e7\u00e3o:<\/strong> s\u00e9culo XVIII (data aproximada: c. 1740)<\/p>\n\n\n\n<hr class=\"wp-block-separator has-alpha-channel-opacity\"\/>\n\n\n\n<h3 class=\"wp-block-heading\">11. <strong>Capela de S\u00e3o Gon\u00e7alo Garcia<\/strong><\/h3>\n\n\n\n<p>\ud83d\udcc5 <strong>Funda\u00e7\u00e3o:<\/strong> 1762<br>\u27a1\ufe0f Ligada \u00e0 devo\u00e7\u00e3o franciscana.<\/p>\n\n\n\n<hr class=\"wp-block-separator has-alpha-channel-opacity\"\/>\n\n\n\n<h3 class=\"wp-block-heading\">12. <strong>Capela de S\u00e3o Miguel do Cajuru<\/strong><\/h3>\n\n\n\n<p>\ud83d\udcc5 <strong>Funda\u00e7\u00e3o:<\/strong> s\u00e9culo XVIII<br>\u27a1\ufe0f Localizada em distrito rural.<\/p>\n\n\n\n<p><\/p>\n\n\n\n<p><\/p>\n\n\n\n<h2 class=\"wp-block-heading\">Observa\u00e7\u00e3o hist\u00f3rica importante<\/h2>\n\n\n\n<ul class=\"wp-block-list\">\n<li>Muitas igrejas <strong>foram constru\u00eddas por etapas<\/strong>, ao longo de d\u00e9cadas.<\/li>\n\n\n\n<li>A data citada costuma ser:\n<ul class=\"wp-block-list\">\n<li>Funda\u00e7\u00e3o da irmandade <strong>ou<\/strong><\/li>\n\n\n\n<li>In\u00edcio da constru\u00e7\u00e3o da capela principal.<\/li>\n<\/ul>\n<\/li>\n<\/ul>\n\n\n\n<p>Isso \u00e9 <strong>absolutamente normal<\/strong> em cidades coloniais mineiras.<\/p>\n\n\n\n<p><\/p>\n","protected":false},"excerpt":{"rendered":"<p>Igrejas de S\u00e3o Jo\u00e3o del-Rei: Hist\u00f3ria, Datas e Import\u00e2ncia Cultural Igrejas de S\u00e3o Jo\u00e3o del-Rei \u2013 Funda\u00e7\u00e3o \/ In\u00edcio da Constru\u00e7\u00e3o A import\u00e2ncia das igrejas na hist\u00f3ria de S\u00e3o Jo\u00e3o [&hellip;]<\/p>\n","protected":false},"author":1,"featured_media":0,"parent":0,"menu_order":0,"comment_status":"closed","ping_status":"closed","template":"","meta":{"googlesitekit_rrm_CAowpMLeCw:productID":"","_price":"","_stock":"","_tribe_ticket_header":"","_tribe_default_ticket_provider":"","_tribe_ticket_capacity":"0","_ticket_start_date":"","_ticket_end_date":"","_tribe_ticket_show_description":"","_tribe_ticket_show_not_going":false,"_tribe_ticket_use_global_stock":"","_tribe_ticket_global_stock_level":"","_global_stock_mode":"","_global_stock_cap":"","_tribe_rsvp_for_event":"","_tribe_ticket_going_count":"","_tribe_ticket_not_going_count":"","_tribe_tickets_list":"[]","_tribe_ticket_has_attendee_info_fields":false,"footnotes":"","_tec_slr_enabled":"","_tec_slr_layout":""},"class_list":["post-49","page","type-page","status-publish","hentry"],"yoast_head":"<!-- This site is optimized with the Yoast SEO plugin v27.3 - https:\/\/yoast.com\/product\/yoast-seo-wordpress\/ -->\n<title>Igrejas - Sao Joao del Rei A terra dos sinos<\/title>\n<meta name=\"description\" content=\"Conhe\u00e7a todas as igrejas de S\u00e3o Jo\u00e3o del-Rei com suas datas de funda\u00e7\u00e3o, hist\u00f3ria e import\u00e2ncia cultural. Um guia completo do patrim\u00f4nio\" \/>\n<meta name=\"robots\" content=\"index, follow, max-snippet:-1, max-image-preview:large, max-video-preview:-1\" \/>\n<link rel=\"canonical\" href=\"https:\/\/www.saojoaodelrei.tur.br\/index.php\/igrejas-de-sao-joao-del-rei\/\" \/>\n<meta property=\"og:locale\" content=\"pt_BR\" \/>\n<meta property=\"og:type\" content=\"article\" \/>\n<meta property=\"og:title\" content=\"Igrejas - Sao Joao del Rei A terra dos sinos\" \/>\n<meta property=\"og:description\" content=\"Conhe\u00e7a todas as igrejas de S\u00e3o Jo\u00e3o del-Rei com suas datas de funda\u00e7\u00e3o, hist\u00f3ria e import\u00e2ncia cultural. Um guia completo do patrim\u00f4nio\" \/>\n<meta property=\"og:url\" content=\"https:\/\/www.saojoaodelrei.tur.br\/index.php\/igrejas-de-sao-joao-del-rei\/\" \/>\n<meta property=\"og:site_name\" content=\"Sao Joao del Rei A terra dos sinos\" \/>\n<meta property=\"article:modified_time\" content=\"2026-01-02T22:04:27+00:00\" \/>\n<meta name=\"twitter:card\" content=\"summary_large_image\" \/>\n<meta name=\"twitter:label1\" content=\"Est. tempo de leitura\" \/>\n\t<meta name=\"twitter:data1\" content=\"2 minutos\" \/>\n<script type=\"application\/ld+json\" class=\"yoast-schema-graph\">{\"@context\":\"https:\\\/\\\/schema.org\",\"@graph\":[{\"@type\":\"WebPage\",\"@id\":\"https:\\\/\\\/www.saojoaodelrei.tur.br\\\/index.php\\\/igrejas-de-sao-joao-del-rei\\\/\",\"url\":\"https:\\\/\\\/www.saojoaodelrei.tur.br\\\/index.php\\\/igrejas-de-sao-joao-del-rei\\\/\",\"name\":\"Igrejas - Sao Joao del Rei A terra dos sinos\",\"isPartOf\":{\"@id\":\"https:\\\/\\\/saojoaodelrei.tur.br\\\/#website\"},\"datePublished\":\"2022-11-09T01:26:13+00:00\",\"dateModified\":\"2026-01-02T22:04:27+00:00\",\"description\":\"Conhe\u00e7a todas as igrejas de S\u00e3o Jo\u00e3o del-Rei com suas datas de funda\u00e7\u00e3o, hist\u00f3ria e import\u00e2ncia cultural. Um guia completo do patrim\u00f4nio\",\"breadcrumb\":{\"@id\":\"https:\\\/\\\/www.saojoaodelrei.tur.br\\\/index.php\\\/igrejas-de-sao-joao-del-rei\\\/#breadcrumb\"},\"inLanguage\":\"pt-BR\",\"potentialAction\":[{\"@type\":\"ReadAction\",\"target\":[\"https:\\\/\\\/www.saojoaodelrei.tur.br\\\/index.php\\\/igrejas-de-sao-joao-del-rei\\\/\"]}]},{\"@type\":\"BreadcrumbList\",\"@id\":\"https:\\\/\\\/www.saojoaodelrei.tur.br\\\/index.php\\\/igrejas-de-sao-joao-del-rei\\\/#breadcrumb\",\"itemListElement\":[{\"@type\":\"ListItem\",\"position\":1,\"name\":\"Home\",\"item\":\"https:\\\/\\\/www.saojoaodelrei.tur.br\\\/\"},{\"@type\":\"ListItem\",\"position\":2,\"name\":\"Igrejas\"}]},{\"@type\":\"WebSite\",\"@id\":\"https:\\\/\\\/saojoaodelrei.tur.br\\\/#website\",\"url\":\"https:\\\/\\\/saojoaodelrei.tur.br\\\/\",\"name\":\"Saojoaodelrei.tur.br\",\"description\":\"O maior e melhor classificado da Regi\u00e3o\",\"publisher\":{\"@id\":\"https:\\\/\\\/saojoaodelrei.tur.br\\\/#\\\/schema\\\/person\\\/ff1cff384e26b2ab5c9650c4ddf44b98\"},\"potentialAction\":[{\"@type\":\"SearchAction\",\"target\":{\"@type\":\"EntryPoint\",\"urlTemplate\":\"https:\\\/\\\/saojoaodelrei.tur.br\\\/?s={search_term_string}\"},\"query-input\":{\"@type\":\"PropertyValueSpecification\",\"valueRequired\":true,\"valueName\":\"search_term_string\"}}],\"inLanguage\":\"pt-BR\"},{\"@type\":[\"Person\",\"Organization\"],\"@id\":\"https:\\\/\\\/saojoaodelrei.tur.br\\\/#\\\/schema\\\/person\\\/ff1cff384e26b2ab5c9650c4ddf44b98\",\"name\":\"Leo Soares\",\"image\":{\"@type\":\"ImageObject\",\"inLanguage\":\"pt-BR\",\"@id\":\"https:\\\/\\\/www.saojoaodelrei.tur.br\\\/wp-content\\\/uploads\\\/2025\\\/03\\\/saojoaotur_icon_192x192.png\",\"url\":\"https:\\\/\\\/www.saojoaodelrei.tur.br\\\/wp-content\\\/uploads\\\/2025\\\/03\\\/saojoaotur_icon_192x192.png\",\"contentUrl\":\"https:\\\/\\\/www.saojoaodelrei.tur.br\\\/wp-content\\\/uploads\\\/2025\\\/03\\\/saojoaotur_icon_192x192.png\",\"width\":192,\"height\":192,\"caption\":\"Leo Soares\"},\"logo\":{\"@id\":\"https:\\\/\\\/www.saojoaodelrei.tur.br\\\/wp-content\\\/uploads\\\/2025\\\/03\\\/saojoaotur_icon_192x192.png\"},\"sameAs\":[\"http:\\\/\\\/saojoaodelrei.tur.br\"]}]}<\/script>\n<!-- \/ Yoast SEO plugin. -->","yoast_head_json":{"title":"Igrejas - Sao Joao del Rei A terra dos sinos","description":"Conhe\u00e7a todas as igrejas de S\u00e3o Jo\u00e3o del-Rei com suas datas de funda\u00e7\u00e3o, hist\u00f3ria e import\u00e2ncia cultural. Um guia completo do patrim\u00f4nio","robots":{"index":"index","follow":"follow","max-snippet":"max-snippet:-1","max-image-preview":"max-image-preview:large","max-video-preview":"max-video-preview:-1"},"canonical":"https:\/\/www.saojoaodelrei.tur.br\/index.php\/igrejas-de-sao-joao-del-rei\/","og_locale":"pt_BR","og_type":"article","og_title":"Igrejas - Sao Joao del Rei A terra dos sinos","og_description":"Conhe\u00e7a todas as igrejas de S\u00e3o Jo\u00e3o del-Rei com suas datas de funda\u00e7\u00e3o, hist\u00f3ria e import\u00e2ncia cultural. Um guia completo do patrim\u00f4nio","og_url":"https:\/\/www.saojoaodelrei.tur.br\/index.php\/igrejas-de-sao-joao-del-rei\/","og_site_name":"Sao Joao del Rei A terra dos sinos","article_modified_time":"2026-01-02T22:04:27+00:00","twitter_card":"summary_large_image","twitter_misc":{"Est. tempo de leitura":"2 minutos"},"schema":{"@context":"https:\/\/schema.org","@graph":[{"@type":"WebPage","@id":"https:\/\/www.saojoaodelrei.tur.br\/index.php\/igrejas-de-sao-joao-del-rei\/","url":"https:\/\/www.saojoaodelrei.tur.br\/index.php\/igrejas-de-sao-joao-del-rei\/","name":"Igrejas - Sao Joao del Rei A terra dos sinos","isPartOf":{"@id":"https:\/\/saojoaodelrei.tur.br\/#website"},"datePublished":"2022-11-09T01:26:13+00:00","dateModified":"2026-01-02T22:04:27+00:00","description":"Conhe\u00e7a todas as igrejas de S\u00e3o Jo\u00e3o del-Rei com suas datas de funda\u00e7\u00e3o, hist\u00f3ria e import\u00e2ncia cultural. Um guia completo do patrim\u00f4nio","breadcrumb":{"@id":"https:\/\/www.saojoaodelrei.tur.br\/index.php\/igrejas-de-sao-joao-del-rei\/#breadcrumb"},"inLanguage":"pt-BR","potentialAction":[{"@type":"ReadAction","target":["https:\/\/www.saojoaodelrei.tur.br\/index.php\/igrejas-de-sao-joao-del-rei\/"]}]},{"@type":"BreadcrumbList","@id":"https:\/\/www.saojoaodelrei.tur.br\/index.php\/igrejas-de-sao-joao-del-rei\/#breadcrumb","itemListElement":[{"@type":"ListItem","position":1,"name":"Home","item":"https:\/\/www.saojoaodelrei.tur.br\/"},{"@type":"ListItem","position":2,"name":"Igrejas"}]},{"@type":"WebSite","@id":"https:\/\/saojoaodelrei.tur.br\/#website","url":"https:\/\/saojoaodelrei.tur.br\/","name":"Saojoaodelrei.tur.br","description":"O maior e melhor classificado da Regi\u00e3o","publisher":{"@id":"https:\/\/saojoaodelrei.tur.br\/#\/schema\/person\/ff1cff384e26b2ab5c9650c4ddf44b98"},"potentialAction":[{"@type":"SearchAction","target":{"@type":"EntryPoint","urlTemplate":"https:\/\/saojoaodelrei.tur.br\/?s={search_term_string}"},"query-input":{"@type":"PropertyValueSpecification","valueRequired":true,"valueName":"search_term_string"}}],"inLanguage":"pt-BR"},{"@type":["Person","Organization"],"@id":"https:\/\/saojoaodelrei.tur.br\/#\/schema\/person\/ff1cff384e26b2ab5c9650c4ddf44b98","name":"Leo Soares","image":{"@type":"ImageObject","inLanguage":"pt-BR","@id":"https:\/\/www.saojoaodelrei.tur.br\/wp-content\/uploads\/2025\/03\/saojoaotur_icon_192x192.png","url":"https:\/\/www.saojoaodelrei.tur.br\/wp-content\/uploads\/2025\/03\/saojoaotur_icon_192x192.png","contentUrl":"https:\/\/www.saojoaodelrei.tur.br\/wp-content\/uploads\/2025\/03\/saojoaotur_icon_192x192.png","width":192,"height":192,"caption":"Leo Soares"},"logo":{"@id":"https:\/\/www.saojoaodelrei.tur.br\/wp-content\/uploads\/2025\/03\/saojoaotur_icon_192x192.png"},"sameAs":["http:\/\/saojoaodelrei.tur.br"]}]}},"ticketed":false,"_links":{"self":[{"href":"https:\/\/www.saojoaodelrei.tur.br\/index.php\/wp-json\/wp\/v2\/pages\/49","targetHints":{"allow":["GET"]}}],"collection":[{"href":"https:\/\/www.saojoaodelrei.tur.br\/index.php\/wp-json\/wp\/v2\/pages"}],"about":[{"href":"https:\/\/www.saojoaodelrei.tur.br\/index.php\/wp-json\/wp\/v2\/types\/page"}],"author":[{"embeddable":true,"href":"https:\/\/www.saojoaodelrei.tur.br\/index.php\/wp-json\/wp\/v2\/users\/1"}],"replies":[{"embeddable":true,"href":"https:\/\/www.saojoaodelrei.tur.br\/index.php\/wp-json\/wp\/v2\/comments?post=49"}],"version-history":[{"count":3,"href":"https:\/\/www.saojoaodelrei.tur.br\/index.php\/wp-json\/wp\/v2\/pages\/49\/revisions"}],"predecessor-version":[{"id":42644,"href":"https:\/\/www.saojoaodelrei.tur.br\/index.php\/wp-json\/wp\/v2\/pages\/49\/revisions\/42644"}],"wp:attachment":[{"href":"https:\/\/www.saojoaodelrei.tur.br\/index.php\/wp-json\/wp\/v2\/media?parent=49"}],"curies":[{"name":"wp","href":"https:\/\/api.w.org\/{rel}","templated":true}]}}