{"id":42497,"date":"2025-03-26T23:48:18","date_gmt":"2025-03-26T23:48:18","guid":{"rendered":"https:\/\/www.saojoaodelrei.tur.br\/?page_id=42497"},"modified":"2026-01-02T18:53:42","modified_gmt":"2026-01-02T21:53:42","slug":"igreja-nossa-senhora-das-merces","status":"publish","type":"page","link":"https:\/\/www.saojoaodelrei.tur.br\/index.php\/igreja-nossa-senhora-das-merces\/","title":{"rendered":"Igreja Nossa Senhora das Merc\u00eas"},"content":{"rendered":"\n<p><\/p>\n\n\n\n<figure class=\"wp-block-image size-large\"><img fetchpriority=\"high\" decoding=\"async\" width=\"1024\" height=\"461\" src=\"https:\/\/www.saojoaodelrei.tur.br\/wp-content\/uploads\/2025\/03\/image-1024x461.png\" alt=\"Adro e Igreja de Nossa Senhora das Merc\u00eas - S\u00e3o Jo\u00e3o del Rei\" class=\"wp-image-42498\" srcset=\"https:\/\/www.saojoaodelrei.tur.br\/wp-content\/uploads\/2025\/03\/image-1024x461.png 1024w, https:\/\/www.saojoaodelrei.tur.br\/wp-content\/uploads\/2025\/03\/image-600x270.png 600w, https:\/\/www.saojoaodelrei.tur.br\/wp-content\/uploads\/2025\/03\/image-300x135.png 300w, https:\/\/www.saojoaodelrei.tur.br\/wp-content\/uploads\/2025\/03\/image-768x346.png 768w, https:\/\/www.saojoaodelrei.tur.br\/wp-content\/uploads\/2025\/03\/image-1536x692.png 1536w, https:\/\/www.saojoaodelrei.tur.br\/wp-content\/uploads\/2025\/03\/image-500x225.png 500w, https:\/\/www.saojoaodelrei.tur.br\/wp-content\/uploads\/2025\/03\/image-320x144.png 320w, https:\/\/www.saojoaodelrei.tur.br\/wp-content\/uploads\/2025\/03\/image-480x216.png 480w, https:\/\/www.saojoaodelrei.tur.br\/wp-content\/uploads\/2025\/03\/image-800x360.png 800w, https:\/\/www.saojoaodelrei.tur.br\/wp-content\/uploads\/2025\/03\/image.png 2000w\" sizes=\"(max-width: 1024px) 100vw, 1024px\" \/><\/figure>\n\n\n\n<p>A igreja Consagrada ao culto de Nossa Senhora das Merc\u00eas, cuja Arquiconfraria conta grande n\u00famero de irm\u00e3os, \u00e9 um templo de elegante frontisp\u00edcio, que se assenta em ponto elevado da cidade, de onde toda esta se descortina e ao qual se tem acesso por extensa escadaria guarnecida de graciosa balaustrada.<\/p>\n\n\n\n<p>Reconstru\u00eddo em 1877, de cantaria de pedra bem revestida, este edif\u00edcio, que havia sido remodelado em 1808, ao que parece, substituiu a antiga capela j\u00e1 existente em 1751. Com efeito, o Sargento-Mor Jos\u00e9 \u00c1lvares de Oliveira, em sua &#8220;Hist\u00f3ria do Distrito do Rio das Mortes&#8221;, de 1750 e 1751, enumera a Capela de Nossa Senhora das Merc\u00eas entre as j\u00e1 existentes na vila. Entretanto, em 1751, foi que o Senado da C\u00e2mara regularizou a concess\u00e3o do terreno para sua edifica\u00e7\u00e3o, como consta do Livro de Registro de T\u00edtulos e Posse de 1748 a 1760, fls. 15. Todavia, \u00e9 de 6 de maio de 1806 a provis\u00e3o em virtude da qual foi institu\u00edda a Arquiconfraria, cujo compromisso o Pr\u00edncipe-Regente D. Jo\u00e3o VI aprovou.<\/p>\n\n\n\n<p>Foram depois executadas diversas reformas neste templo, havendo sido na \u00faltima delas ampliada a sacristia, em que se encontra \u00f3timo lavabo de pedra, trabalho que se presume ser de Gabriel Pinto ou de Joaquim Bas\u00edlio.<\/p>\n\n\n\n<p>Com uma s\u00f3 torre quadril\u00e1tera, que fica em seu flanco esquerdo, a 10 metros afastada da linha da fachada, adquire a igreja singular aspecto que em nada, ali\u00e1s, lhe prejudica a est\u00e9tica.<\/p>\n\n\n\n<p>\u00c9 assoalhada e forrada com capricho. O teto, em tr\u00eas planos, tem no centro, tra\u00e7ada em tintas suaves, a imagem da Excelsa Padroeira.<\/p>\n\n\n\n<p>Nas paredes laterais de sua grande nave, se v\u00eaem, trabalho de Angelo Biggi, dois quadros de boa pintura, que representam o Natal e a Fugida para o Egito, de um lado e, em frente, a Anuncia\u00e7\u00e3o e a Apresenta\u00e7\u00e3o do Menino Jesus ao velho Sime\u00e3o.<\/p>\n\n\n\n<p>No \u00e2ngulo que essas paredes formam com as do transepto, se encontram altares de boa talha, consagrados a Jesus Crucificado e a Senhora das Dores o da direita e a Senhora do Parto, o da esquerda do templo.<\/p>\n\n\n\n<p>O arco-cruzeiro, apoiado em elegantes colunas, tem no alto, na face da grande nave, trabalhado emblema, de autoria do s\u00e3o-joanense Luiz Batista Lopes, no qual se v\u00eaem, surgindo das nuvens, duas \u00e1guias, um anjo e os tr\u00eas cora\u00e7\u00f5es, que simbolizam a f\u00e9 ardente.<\/p>\n\n\n\n<figure class=\"wp-block-image size-large is-resized\"><img decoding=\"async\" width=\"683\" height=\"1024\" src=\"https:\/\/www.saojoaodelrei.tur.br\/wp-content\/uploads\/2025\/03\/image-1-683x1024.png\" alt=\"\" class=\"wp-image-42499\" style=\"width:547px;height:auto\" srcset=\"https:\/\/www.saojoaodelrei.tur.br\/wp-content\/uploads\/2025\/03\/image-1-683x1024.png 683w, https:\/\/www.saojoaodelrei.tur.br\/wp-content\/uploads\/2025\/03\/image-1-600x900.png 600w, https:\/\/www.saojoaodelrei.tur.br\/wp-content\/uploads\/2025\/03\/image-1-200x300.png 200w, https:\/\/www.saojoaodelrei.tur.br\/wp-content\/uploads\/2025\/03\/image-1-768x1152.png 768w, https:\/\/www.saojoaodelrei.tur.br\/wp-content\/uploads\/2025\/03\/image-1-1024x1536.png 1024w, https:\/\/www.saojoaodelrei.tur.br\/wp-content\/uploads\/2025\/03\/image-1-500x750.png 500w, https:\/\/www.saojoaodelrei.tur.br\/wp-content\/uploads\/2025\/03\/image-1-320x480.png 320w, https:\/\/www.saojoaodelrei.tur.br\/wp-content\/uploads\/2025\/03\/image-1-480x720.png 480w, https:\/\/www.saojoaodelrei.tur.br\/wp-content\/uploads\/2025\/03\/image-1-800x1200.png 800w, https:\/\/www.saojoaodelrei.tur.br\/wp-content\/uploads\/2025\/03\/image-1.png 1280w\" sizes=\"(max-width: 683px) 100vw, 683px\" \/><\/figure>\n\n\n\n<p>A capela-mor, constru\u00edda em 1877, esplendidamente iluminada por tr\u00eas janelas de forma quase el\u00edptica que, de cada lado, se disp\u00f5em em sentido vertical, \u00e9 de tonalidade azul nas paredes laterais,artisticamente ornadas com estrelas douradas, em relevo, o que tamb\u00e9m se verifica no teto, onde, em meio a verdadeira constela\u00e7\u00e3o, no centro se v\u00ea belo flor\u00e3o.<\/p>\n\n\n\n<p>O ret\u00e1bulo em que se destacam os nichos de S\u00e3o Pedro Nolasco no lado do evangelho e de S\u00e3o Raimundo Nonato no da ep\u00edstola \u00e9, como o altar-mor, bem decorado.<\/p>\n\n\n\n<p>Para o alto, o trono aurientalhado, em que refulge Senhora das Merc\u00eas, a Redentora dos crist\u00e3os cativos dos infi\u00e9is.<\/p>\n\n\n\n<p><a href=\"https:\/\/www.saojoaodelrei.tur.br\/index.php\/igrejas\/\" target=\"_blank\" rel=\"noreferrer noopener\">Outras igrejas<\/a><\/p>\n\n\n\n<p>Fonte: <a href=\"https:\/\/pt.wikipedia.org\/wiki\/Festa_de_Nossa_Senhora_das_Merc%C3%AAs\" target=\"_blank\" rel=\"noreferrer noopener\">Wikipedia<\/a><\/p>\n\n\n\n<p><a href=\"https:\/\/www.sjdr.com.br\/\" target=\"_blank\" rel=\"noreferrer noopener\">SJDR<\/a><\/p>\n","protected":false},"excerpt":{"rendered":"<p>A igreja Consagrada ao culto de Nossa Senhora das Merc\u00eas, cuja Arquiconfraria conta grande n\u00famero de irm\u00e3os, \u00e9 um templo de elegante frontisp\u00edcio, que se assenta em ponto elevado da [&hellip;]<\/p>\n","protected":false},"author":1,"featured_media":42498,"parent":0,"menu_order":0,"comment_status":"closed","ping_status":"closed","template":"","meta":{"googlesitekit_rrm_CAowpMLeCw:productID":"","_price":"","_stock":"","_tribe_ticket_header":"","_tribe_default_ticket_provider":"","_tribe_ticket_capacity":"0","_ticket_start_date":"","_ticket_end_date":"","_tribe_ticket_show_description":"","_tribe_ticket_show_not_going":false,"_tribe_ticket_use_global_stock":"","_tribe_ticket_global_stock_level":"","_global_stock_mode":"","_global_stock_cap":"","_tribe_rsvp_for_event":"","_tribe_ticket_going_count":"","_tribe_ticket_not_going_count":"","_tribe_tickets_list":"[]","_tribe_ticket_has_attendee_info_fields":false,"footnotes":"","_tec_slr_enabled":"","_tec_slr_layout":""},"class_list":["post-42497","page","type-page","status-publish","has-post-thumbnail","hentry"],"yoast_head":"<!-- This site is optimized with the Yoast SEO plugin v27.3 - https:\/\/yoast.com\/product\/yoast-seo-wordpress\/ -->\n<title>Igreja Nossa Senhora das Merc\u00eas - Sao Joao del Rei A terra dos sinos<\/title>\n<meta name=\"description\" content=\"Conhe\u00e7a a Igreja de Nossa Senhora das Merc\u00eas em S\u00e3o Jo\u00e3o del-Rei: hist\u00f3ria, arquitetura e curiosidades de um dos patrim\u00f4nios religiosos local\" \/>\n<meta name=\"robots\" content=\"index, follow, max-snippet:-1, max-image-preview:large, max-video-preview:-1\" \/>\n<link rel=\"canonical\" href=\"https:\/\/www.saojoaodelrei.tur.br\/index.php\/igreja-nossa-senhora-das-merces\/\" \/>\n<meta property=\"og:locale\" content=\"pt_BR\" \/>\n<meta property=\"og:type\" content=\"article\" \/>\n<meta property=\"og:title\" content=\"Igreja Nossa Senhora das Merc\u00eas - Sao Joao del Rei A terra dos sinos\" \/>\n<meta property=\"og:description\" content=\"Conhe\u00e7a a Igreja de Nossa Senhora das Merc\u00eas em S\u00e3o Jo\u00e3o del-Rei: hist\u00f3ria, arquitetura e curiosidades de um dos patrim\u00f4nios religiosos local\" \/>\n<meta property=\"og:url\" content=\"https:\/\/www.saojoaodelrei.tur.br\/index.php\/igreja-nossa-senhora-das-merces\/\" \/>\n<meta property=\"og:site_name\" content=\"Sao Joao del Rei A terra dos sinos\" \/>\n<meta property=\"article:modified_time\" content=\"2026-01-02T21:53:42+00:00\" \/>\n<meta property=\"og:image\" content=\"http:\/\/www.saojoaodelrei.tur.br\/wp-content\/uploads\/2025\/03\/image-1024x461.png\" \/>\n\t<meta property=\"og:image:width\" content=\"1024\" \/>\n\t<meta property=\"og:image:height\" content=\"461\" \/>\n\t<meta property=\"og:image:type\" content=\"image\/png\" \/>\n<meta name=\"twitter:card\" content=\"summary_large_image\" \/>\n<meta name=\"twitter:label1\" content=\"Est. tempo de leitura\" \/>\n\t<meta name=\"twitter:data1\" content=\"4 minutos\" \/>\n<script type=\"application\/ld+json\" class=\"yoast-schema-graph\">{\"@context\":\"https:\\\/\\\/schema.org\",\"@graph\":[{\"@type\":\"WebPage\",\"@id\":\"https:\\\/\\\/www.saojoaodelrei.tur.br\\\/index.php\\\/igreja-nossa-senhora-das-merces\\\/\",\"url\":\"https:\\\/\\\/www.saojoaodelrei.tur.br\\\/index.php\\\/igreja-nossa-senhora-das-merces\\\/\",\"name\":\"Igreja Nossa Senhora das Merc\u00eas - Sao Joao del Rei A terra dos sinos\",\"isPartOf\":{\"@id\":\"https:\\\/\\\/saojoaodelrei.tur.br\\\/#website\"},\"primaryImageOfPage\":{\"@id\":\"https:\\\/\\\/www.saojoaodelrei.tur.br\\\/index.php\\\/igreja-nossa-senhora-das-merces\\\/#primaryimage\"},\"image\":{\"@id\":\"https:\\\/\\\/www.saojoaodelrei.tur.br\\\/index.php\\\/igreja-nossa-senhora-das-merces\\\/#primaryimage\"},\"thumbnailUrl\":\"https:\\\/\\\/www.saojoaodelrei.tur.br\\\/wp-content\\\/uploads\\\/2025\\\/03\\\/image.png\",\"datePublished\":\"2025-03-26T23:48:18+00:00\",\"dateModified\":\"2026-01-02T21:53:42+00:00\",\"description\":\"Conhe\u00e7a a Igreja de Nossa Senhora das Merc\u00eas em S\u00e3o Jo\u00e3o del-Rei: hist\u00f3ria, arquitetura e curiosidades de um dos patrim\u00f4nios religiosos local\",\"breadcrumb\":{\"@id\":\"https:\\\/\\\/www.saojoaodelrei.tur.br\\\/index.php\\\/igreja-nossa-senhora-das-merces\\\/#breadcrumb\"},\"inLanguage\":\"pt-BR\",\"potentialAction\":[{\"@type\":\"ReadAction\",\"target\":[\"https:\\\/\\\/www.saojoaodelrei.tur.br\\\/index.php\\\/igreja-nossa-senhora-das-merces\\\/\"]}]},{\"@type\":\"ImageObject\",\"inLanguage\":\"pt-BR\",\"@id\":\"https:\\\/\\\/www.saojoaodelrei.tur.br\\\/index.php\\\/igreja-nossa-senhora-das-merces\\\/#primaryimage\",\"url\":\"https:\\\/\\\/www.saojoaodelrei.tur.br\\\/wp-content\\\/uploads\\\/2025\\\/03\\\/image.png\",\"contentUrl\":\"https:\\\/\\\/www.saojoaodelrei.tur.br\\\/wp-content\\\/uploads\\\/2025\\\/03\\\/image.png\",\"width\":2000,\"height\":901},{\"@type\":\"BreadcrumbList\",\"@id\":\"https:\\\/\\\/www.saojoaodelrei.tur.br\\\/index.php\\\/igreja-nossa-senhora-das-merces\\\/#breadcrumb\",\"itemListElement\":[{\"@type\":\"ListItem\",\"position\":1,\"name\":\"Home\",\"item\":\"https:\\\/\\\/www.saojoaodelrei.tur.br\\\/\"},{\"@type\":\"ListItem\",\"position\":2,\"name\":\"Igreja Nossa Senhora das Merc\u00eas\"}]},{\"@type\":\"WebSite\",\"@id\":\"https:\\\/\\\/saojoaodelrei.tur.br\\\/#website\",\"url\":\"https:\\\/\\\/saojoaodelrei.tur.br\\\/\",\"name\":\"Saojoaodelrei.tur.br\",\"description\":\"O maior e melhor classificado da Regi\u00e3o\",\"publisher\":{\"@id\":\"https:\\\/\\\/saojoaodelrei.tur.br\\\/#\\\/schema\\\/person\\\/ff1cff384e26b2ab5c9650c4ddf44b98\"},\"potentialAction\":[{\"@type\":\"SearchAction\",\"target\":{\"@type\":\"EntryPoint\",\"urlTemplate\":\"https:\\\/\\\/saojoaodelrei.tur.br\\\/?s={search_term_string}\"},\"query-input\":{\"@type\":\"PropertyValueSpecification\",\"valueRequired\":true,\"valueName\":\"search_term_string\"}}],\"inLanguage\":\"pt-BR\"},{\"@type\":[\"Person\",\"Organization\"],\"@id\":\"https:\\\/\\\/saojoaodelrei.tur.br\\\/#\\\/schema\\\/person\\\/ff1cff384e26b2ab5c9650c4ddf44b98\",\"name\":\"Leo Soares\",\"image\":{\"@type\":\"ImageObject\",\"inLanguage\":\"pt-BR\",\"@id\":\"https:\\\/\\\/www.saojoaodelrei.tur.br\\\/wp-content\\\/uploads\\\/2025\\\/03\\\/saojoaotur_icon_192x192.png\",\"url\":\"https:\\\/\\\/www.saojoaodelrei.tur.br\\\/wp-content\\\/uploads\\\/2025\\\/03\\\/saojoaotur_icon_192x192.png\",\"contentUrl\":\"https:\\\/\\\/www.saojoaodelrei.tur.br\\\/wp-content\\\/uploads\\\/2025\\\/03\\\/saojoaotur_icon_192x192.png\",\"width\":192,\"height\":192,\"caption\":\"Leo Soares\"},\"logo\":{\"@id\":\"https:\\\/\\\/www.saojoaodelrei.tur.br\\\/wp-content\\\/uploads\\\/2025\\\/03\\\/saojoaotur_icon_192x192.png\"},\"sameAs\":[\"http:\\\/\\\/saojoaodelrei.tur.br\"]}]}<\/script>\n<!-- \/ Yoast SEO plugin. -->","yoast_head_json":{"title":"Igreja Nossa Senhora das Merc\u00eas - Sao Joao del Rei A terra dos sinos","description":"Conhe\u00e7a a Igreja de Nossa Senhora das Merc\u00eas em S\u00e3o Jo\u00e3o del-Rei: hist\u00f3ria, arquitetura e curiosidades de um dos patrim\u00f4nios religiosos local","robots":{"index":"index","follow":"follow","max-snippet":"max-snippet:-1","max-image-preview":"max-image-preview:large","max-video-preview":"max-video-preview:-1"},"canonical":"https:\/\/www.saojoaodelrei.tur.br\/index.php\/igreja-nossa-senhora-das-merces\/","og_locale":"pt_BR","og_type":"article","og_title":"Igreja Nossa Senhora das Merc\u00eas - Sao Joao del Rei A terra dos sinos","og_description":"Conhe\u00e7a a Igreja de Nossa Senhora das Merc\u00eas em S\u00e3o Jo\u00e3o del-Rei: hist\u00f3ria, arquitetura e curiosidades de um dos patrim\u00f4nios religiosos local","og_url":"https:\/\/www.saojoaodelrei.tur.br\/index.php\/igreja-nossa-senhora-das-merces\/","og_site_name":"Sao Joao del Rei A terra dos sinos","article_modified_time":"2026-01-02T21:53:42+00:00","og_image":[{"width":1024,"height":461,"url":"http:\/\/www.saojoaodelrei.tur.br\/wp-content\/uploads\/2025\/03\/image-1024x461.png","type":"image\/png"}],"twitter_card":"summary_large_image","twitter_misc":{"Est. tempo de leitura":"4 minutos"},"schema":{"@context":"https:\/\/schema.org","@graph":[{"@type":"WebPage","@id":"https:\/\/www.saojoaodelrei.tur.br\/index.php\/igreja-nossa-senhora-das-merces\/","url":"https:\/\/www.saojoaodelrei.tur.br\/index.php\/igreja-nossa-senhora-das-merces\/","name":"Igreja Nossa Senhora das Merc\u00eas - Sao Joao del Rei A terra dos sinos","isPartOf":{"@id":"https:\/\/saojoaodelrei.tur.br\/#website"},"primaryImageOfPage":{"@id":"https:\/\/www.saojoaodelrei.tur.br\/index.php\/igreja-nossa-senhora-das-merces\/#primaryimage"},"image":{"@id":"https:\/\/www.saojoaodelrei.tur.br\/index.php\/igreja-nossa-senhora-das-merces\/#primaryimage"},"thumbnailUrl":"https:\/\/www.saojoaodelrei.tur.br\/wp-content\/uploads\/2025\/03\/image.png","datePublished":"2025-03-26T23:48:18+00:00","dateModified":"2026-01-02T21:53:42+00:00","description":"Conhe\u00e7a a Igreja de Nossa Senhora das Merc\u00eas em S\u00e3o Jo\u00e3o del-Rei: hist\u00f3ria, arquitetura e curiosidades de um dos patrim\u00f4nios religiosos local","breadcrumb":{"@id":"https:\/\/www.saojoaodelrei.tur.br\/index.php\/igreja-nossa-senhora-das-merces\/#breadcrumb"},"inLanguage":"pt-BR","potentialAction":[{"@type":"ReadAction","target":["https:\/\/www.saojoaodelrei.tur.br\/index.php\/igreja-nossa-senhora-das-merces\/"]}]},{"@type":"ImageObject","inLanguage":"pt-BR","@id":"https:\/\/www.saojoaodelrei.tur.br\/index.php\/igreja-nossa-senhora-das-merces\/#primaryimage","url":"https:\/\/www.saojoaodelrei.tur.br\/wp-content\/uploads\/2025\/03\/image.png","contentUrl":"https:\/\/www.saojoaodelrei.tur.br\/wp-content\/uploads\/2025\/03\/image.png","width":2000,"height":901},{"@type":"BreadcrumbList","@id":"https:\/\/www.saojoaodelrei.tur.br\/index.php\/igreja-nossa-senhora-das-merces\/#breadcrumb","itemListElement":[{"@type":"ListItem","position":1,"name":"Home","item":"https:\/\/www.saojoaodelrei.tur.br\/"},{"@type":"ListItem","position":2,"name":"Igreja Nossa Senhora das Merc\u00eas"}]},{"@type":"WebSite","@id":"https:\/\/saojoaodelrei.tur.br\/#website","url":"https:\/\/saojoaodelrei.tur.br\/","name":"Saojoaodelrei.tur.br","description":"O maior e melhor classificado da Regi\u00e3o","publisher":{"@id":"https:\/\/saojoaodelrei.tur.br\/#\/schema\/person\/ff1cff384e26b2ab5c9650c4ddf44b98"},"potentialAction":[{"@type":"SearchAction","target":{"@type":"EntryPoint","urlTemplate":"https:\/\/saojoaodelrei.tur.br\/?s={search_term_string}"},"query-input":{"@type":"PropertyValueSpecification","valueRequired":true,"valueName":"search_term_string"}}],"inLanguage":"pt-BR"},{"@type":["Person","Organization"],"@id":"https:\/\/saojoaodelrei.tur.br\/#\/schema\/person\/ff1cff384e26b2ab5c9650c4ddf44b98","name":"Leo Soares","image":{"@type":"ImageObject","inLanguage":"pt-BR","@id":"https:\/\/www.saojoaodelrei.tur.br\/wp-content\/uploads\/2025\/03\/saojoaotur_icon_192x192.png","url":"https:\/\/www.saojoaodelrei.tur.br\/wp-content\/uploads\/2025\/03\/saojoaotur_icon_192x192.png","contentUrl":"https:\/\/www.saojoaodelrei.tur.br\/wp-content\/uploads\/2025\/03\/saojoaotur_icon_192x192.png","width":192,"height":192,"caption":"Leo Soares"},"logo":{"@id":"https:\/\/www.saojoaodelrei.tur.br\/wp-content\/uploads\/2025\/03\/saojoaotur_icon_192x192.png"},"sameAs":["http:\/\/saojoaodelrei.tur.br"]}]}},"ticketed":false,"_links":{"self":[{"href":"https:\/\/www.saojoaodelrei.tur.br\/index.php\/wp-json\/wp\/v2\/pages\/42497","targetHints":{"allow":["GET"]}}],"collection":[{"href":"https:\/\/www.saojoaodelrei.tur.br\/index.php\/wp-json\/wp\/v2\/pages"}],"about":[{"href":"https:\/\/www.saojoaodelrei.tur.br\/index.php\/wp-json\/wp\/v2\/types\/page"}],"author":[{"embeddable":true,"href":"https:\/\/www.saojoaodelrei.tur.br\/index.php\/wp-json\/wp\/v2\/users\/1"}],"replies":[{"embeddable":true,"href":"https:\/\/www.saojoaodelrei.tur.br\/index.php\/wp-json\/wp\/v2\/comments?post=42497"}],"version-history":[{"count":4,"href":"https:\/\/www.saojoaodelrei.tur.br\/index.php\/wp-json\/wp\/v2\/pages\/42497\/revisions"}],"predecessor-version":[{"id":42642,"href":"https:\/\/www.saojoaodelrei.tur.br\/index.php\/wp-json\/wp\/v2\/pages\/42497\/revisions\/42642"}],"wp:featuredmedia":[{"embeddable":true,"href":"https:\/\/www.saojoaodelrei.tur.br\/index.php\/wp-json\/wp\/v2\/media\/42498"}],"wp:attachment":[{"href":"https:\/\/www.saojoaodelrei.tur.br\/index.php\/wp-json\/wp\/v2\/media?parent=42497"}],"curies":[{"name":"wp","href":"https:\/\/api.w.org\/{rel}","templated":true}]}}